{"id":7512,"date":"2025-07-29T16:52:17","date_gmt":"2025-07-29T14:52:17","guid":{"rendered":"https:\/\/www.staging.joest.com\/?page_id=7512"},"modified":"2026-03-23T11:52:17","modified_gmt":"2026-03-23T10:52:17","slug":"impressum","status":"publish","type":"page","link":"https:\/\/www.joest.com\/de\/impressum\/","title":{"rendered":"Impressum"},"content":{"rendered":"\t\t<div data-elementor-type=\"wp-page\" data-elementor-id=\"7512\" class=\"elementor elementor-7512\" data-elementor-post-type=\"page\">\n\t\t\t\t<div class=\"elementor-element elementor-element-6124939 e-flex e-con-boxed e-con e-parent\" data-id=\"6124939\" data-element_type=\"container\" data-e-type=\"container\">\n\t\t\t\t\t<div class=\"e-con-inner\">\n\t\t\t\t<div class=\"elementor-element elementor-element-c19d82a elementor-widget elementor-widget-heading\" data-id=\"c19d82a\" data-element_type=\"widget\" data-e-type=\"widget\" data-widget_type=\"heading.default\">\n\t\t\t\t<div class=\"elementor-widget-container\">\n\t\t\t\t\t<h1 class=\"elementor-heading-title elementor-size-default\">Impressum<\/h1>\t\t\t\t<\/div>\n\t\t\t\t<\/div>\n\t\t\t\t<div class=\"elementor-element elementor-element-0489234 elementor-widget elementor-widget-text-editor\" data-id=\"0489234\" data-element_type=\"widget\" data-e-type=\"widget\" data-widget_type=\"text-editor.default\">\n\t\t\t\t<div class=\"elementor-widget-container\">\n\t\t\t\t\t\t\t\t\t<p><b>J\u00f6st GmbH + Co. KG<\/b><\/p>\n<p>Gewerbestra\u00dfe 28-32<br>48249 D\u00fclmen<br>Germany<\/p>\n<p>Telefon: <a href=\"tel:+492590980\">+49 2590 98-0<\/a><br>E-Mail: <a href=\"mailto:info@joest.com\">info@joest.com<\/a><\/p>\n<p><strong>Pers\u00f6nlich haftende Gesellschafterin:<\/strong><br>J\u00f6st Verwaltungs GmbH<\/p>\n<p><strong>Vertretungsberechtigte Gesch\u00e4ftsf\u00fchrer:<\/strong><br>Alexander Moormann, Dr. Marcus Wirtz<\/p>\n<p><strong>Handelsregister-Eintrag:<\/strong><br>Registergericht: Amtsgericht Coesfeld<br>Registernummer: HRA 3903<\/p>\n<p><strong>Umsatzsteuer-Identifikationsnummer gem\u00e4\u00df \u00a7 27 a Umsatzsteuergesetz:<\/strong><br>DE 124463414<\/p>\n<p><strong>Quellennachweis:<br><\/strong>Die Nutzung der auf dieser Website verwendeten Fotos und Abbildungen ist f\u00fcr andere Zwecke und Erzeugnisse als der Darstellung auf dieser Website, sowohl f\u00fcr den gewerblichen, als auch den privaten Gebrauch, ausdr\u00fccklich nicht gestattet.<\/p>\t\t\t\t\t\t\t\t<\/div>\n\t\t\t\t<\/div>\n\t\t\t\t\t<\/div>\n\t\t\t\t<\/div>\n\t\t\t\t<\/div>\n\t\t","protected":false},"excerpt":{"rendered":"<p>Impressum J\u00f6st GmbH + Co. KG Gewerbestra\u00dfe 28-3248249 D\u00fclmenGermany Telefon: +49 2590 98-0E-Mail: info@joest.com Pers\u00f6nlich haftende Gesellschafterin:J\u00f6st Verwaltungs GmbH Vertretungsberechtigte Gesch\u00e4ftsf\u00fchrer:Alexander Moormann, Dr. Marcus Wirtz Handelsregister-Eintrag:Registergericht: Amtsgericht CoesfeldRegisternummer: HRA 3903 Umsatzsteuer-Identifikationsnummer gem\u00e4\u00df \u00a7 27 a Umsatzsteuergesetz:DE 124463414 Quellennachweis:Die Nutzung der auf dieser Website verwendeten Fotos und Abbildungen ist f\u00fcr andere Zwecke und Erzeugnisse als der [&hellip;]<\/p>\n","protected":false},"author":2,"featured_media":0,"parent":0,"menu_order":0,"comment_status":"closed","ping_status":"closed","template":"","meta":{"_acf_changed":false,"footnotes":""},"categories":[],"tags":[],"folder":[4],"class_list":["post-7512","page","type-page","status-publish","hentry"],"acf":[],"yoast_head":"<!-- This site is optimized with the Yoast SEO plugin v27.3 - https:\/\/yoast.com\/product\/yoast-seo-wordpress\/ -->\n<title>Impressum - JOEST<\/title>\n<meta name=\"description\" content=\"Offizielles Impressum mit allen gesetzlich erforderlichen Angaben zu unserem Unternehmen, Kontaktdaten und rechtlichen Hinweisen.\" \/>\n<meta name=\"robots\" content=\"index, follow, max-snippet:-1, max-image-preview:large, max-video-preview:-1\" \/>\n<link rel=\"canonical\" href=\"https:\/\/www.joest.com\/de\/impressum\/\" \/>\n<meta property=\"og:locale\" content=\"de_DE\" \/>\n<meta property=\"og:type\" content=\"article\" \/>\n<meta property=\"og:title\" content=\"Impressum - JOEST\" \/>\n<meta property=\"og:description\" content=\"Offizielles Impressum mit allen gesetzlich erforderlichen Angaben zu unserem Unternehmen, Kontaktdaten und rechtlichen Hinweisen.\" \/>\n<meta property=\"og:url\" content=\"https:\/\/www.joest.com\/de\/impressum\/\" \/>\n<meta property=\"og:site_name\" content=\"JOEST\" \/>\n<meta property=\"article:publisher\" content=\"https:\/\/www.facebook.com\/joestgroup\/\" \/>\n<meta property=\"article:modified_time\" content=\"2026-03-23T10:52:17+00:00\" \/>\n<meta name=\"twitter:card\" content=\"summary_large_image\" \/>\n<meta name=\"twitter:label1\" content=\"Gesch\u00e4tzte Lesezeit\" \/>\n\t<meta name=\"twitter:data1\" content=\"1\u00a0Minute\" \/>\n<script type=\"application\/ld+json\" class=\"yoast-schema-graph\">{\"@context\":\"https:\\\/\\\/schema.org\",\"@graph\":[{\"@type\":\"WebPage\",\"@id\":\"https:\\\/\\\/www.joest.com\\\/de\\\/impressum\\\/\",\"url\":\"https:\\\/\\\/www.joest.com\\\/de\\\/impressum\\\/\",\"name\":\"Impressum - JOEST\",\"isPartOf\":{\"@id\":\"https:\\\/\\\/www.joest.com\\\/#website\"},\"datePublished\":\"2025-07-29T14:52:17+00:00\",\"dateModified\":\"2026-03-23T10:52:17+00:00\",\"description\":\"Offizielles Impressum mit allen gesetzlich erforderlichen Angaben zu unserem Unternehmen, Kontaktdaten und rechtlichen Hinweisen.\",\"breadcrumb\":{\"@id\":\"https:\\\/\\\/www.joest.com\\\/de\\\/impressum\\\/#breadcrumb\"},\"inLanguage\":\"de\",\"potentialAction\":[{\"@type\":\"ReadAction\",\"target\":[\"https:\\\/\\\/www.joest.com\\\/de\\\/impressum\\\/\"]}]},{\"@type\":\"BreadcrumbList\",\"@id\":\"https:\\\/\\\/www.joest.com\\\/de\\\/impressum\\\/#breadcrumb\",\"itemListElement\":[{\"@type\":\"ListItem\",\"position\":1,\"name\":\"Home\",\"item\":\"https:\\\/\\\/www.joest.com\\\/de\\\/\"},{\"@type\":\"ListItem\",\"position\":2,\"name\":\"Impressum\"}]},{\"@type\":\"WebSite\",\"@id\":\"https:\\\/\\\/www.joest.com\\\/#website\",\"url\":\"https:\\\/\\\/www.joest.com\\\/\",\"name\":\"JOEST\",\"description\":\"Maschinenbau\",\"publisher\":{\"@id\":\"https:\\\/\\\/www.joest.com\\\/#organization\"},\"potentialAction\":[{\"@type\":\"SearchAction\",\"target\":{\"@type\":\"EntryPoint\",\"urlTemplate\":\"https:\\\/\\\/www.joest.com\\\/?s={search_term_string}\"},\"query-input\":{\"@type\":\"PropertyValueSpecification\",\"valueRequired\":true,\"valueName\":\"search_term_string\"}}],\"inLanguage\":\"de\"},{\"@type\":\"Organization\",\"@id\":\"https:\\\/\\\/www.joest.com\\\/#organization\",\"name\":\"JOEST\",\"url\":\"https:\\\/\\\/www.joest.com\\\/\",\"logo\":{\"@type\":\"ImageObject\",\"inLanguage\":\"de\",\"@id\":\"https:\\\/\\\/www.joest.com\\\/#\\\/schema\\\/logo\\\/image\\\/\",\"url\":\"https:\\\/\\\/www.joest.com\\\/wp-content\\\/uploads\\\/2025\\\/03\\\/Logo_JOEST.webp\",\"contentUrl\":\"https:\\\/\\\/www.joest.com\\\/wp-content\\\/uploads\\\/2025\\\/03\\\/Logo_JOEST.webp\",\"width\":2027,\"height\":355,\"caption\":\"JOEST\"},\"image\":{\"@id\":\"https:\\\/\\\/www.joest.com\\\/#\\\/schema\\\/logo\\\/image\\\/\"},\"sameAs\":[\"https:\\\/\\\/www.facebook.com\\\/joestgroup\\\/\",\"http:\\\/\\\/linkedin.com\\\/company\\\/joest-germany\"]}]}<\/script>\n<!-- \/ Yoast SEO plugin. -->","yoast_head_json":{"title":"Impressum - JOEST","description":"Offizielles Impressum mit allen gesetzlich erforderlichen Angaben zu unserem Unternehmen, Kontaktdaten und rechtlichen Hinweisen.","robots":{"index":"index","follow":"follow","max-snippet":"max-snippet:-1","max-image-preview":"max-image-preview:large","max-video-preview":"max-video-preview:-1"},"canonical":"https:\/\/www.joest.com\/de\/impressum\/","og_locale":"de_DE","og_type":"article","og_title":"Impressum - JOEST","og_description":"Offizielles Impressum mit allen gesetzlich erforderlichen Angaben zu unserem Unternehmen, Kontaktdaten und rechtlichen Hinweisen.","og_url":"https:\/\/www.joest.com\/de\/impressum\/","og_site_name":"JOEST","article_publisher":"https:\/\/www.facebook.com\/joestgroup\/","article_modified_time":"2026-03-23T10:52:17+00:00","twitter_card":"summary_large_image","twitter_misc":{"Gesch\u00e4tzte Lesezeit":"1\u00a0Minute"},"schema":{"@context":"https:\/\/schema.org","@graph":[{"@type":"WebPage","@id":"https:\/\/www.joest.com\/de\/impressum\/","url":"https:\/\/www.joest.com\/de\/impressum\/","name":"Impressum - JOEST","isPartOf":{"@id":"https:\/\/www.joest.com\/#website"},"datePublished":"2025-07-29T14:52:17+00:00","dateModified":"2026-03-23T10:52:17+00:00","description":"Offizielles Impressum mit allen gesetzlich erforderlichen Angaben zu unserem Unternehmen, Kontaktdaten und rechtlichen Hinweisen.","breadcrumb":{"@id":"https:\/\/www.joest.com\/de\/impressum\/#breadcrumb"},"inLanguage":"de","potentialAction":[{"@type":"ReadAction","target":["https:\/\/www.joest.com\/de\/impressum\/"]}]},{"@type":"BreadcrumbList","@id":"https:\/\/www.joest.com\/de\/impressum\/#breadcrumb","itemListElement":[{"@type":"ListItem","position":1,"name":"Home","item":"https:\/\/www.joest.com\/de\/"},{"@type":"ListItem","position":2,"name":"Impressum"}]},{"@type":"WebSite","@id":"https:\/\/www.joest.com\/#website","url":"https:\/\/www.joest.com\/","name":"JOEST","description":"Maschinenbau","publisher":{"@id":"https:\/\/www.joest.com\/#organization"},"potentialAction":[{"@type":"SearchAction","target":{"@type":"EntryPoint","urlTemplate":"https:\/\/www.joest.com\/?s={search_term_string}"},"query-input":{"@type":"PropertyValueSpecification","valueRequired":true,"valueName":"search_term_string"}}],"inLanguage":"de"},{"@type":"Organization","@id":"https:\/\/www.joest.com\/#organization","name":"JOEST","url":"https:\/\/www.joest.com\/","logo":{"@type":"ImageObject","inLanguage":"de","@id":"https:\/\/www.joest.com\/#\/schema\/logo\/image\/","url":"https:\/\/www.joest.com\/wp-content\/uploads\/2025\/03\/Logo_JOEST.webp","contentUrl":"https:\/\/www.joest.com\/wp-content\/uploads\/2025\/03\/Logo_JOEST.webp","width":2027,"height":355,"caption":"JOEST"},"image":{"@id":"https:\/\/www.joest.com\/#\/schema\/logo\/image\/"},"sameAs":["https:\/\/www.facebook.com\/joestgroup\/","http:\/\/linkedin.com\/company\/joest-germany"]}]}},"_links":{"self":[{"href":"https:\/\/www.joest.com\/de\/wp-json\/wp\/v2\/pages\/7512","targetHints":{"allow":["GET"]}}],"collection":[{"href":"https:\/\/www.joest.com\/de\/wp-json\/wp\/v2\/pages"}],"about":[{"href":"https:\/\/www.joest.com\/de\/wp-json\/wp\/v2\/types\/page"}],"author":[{"embeddable":true,"href":"https:\/\/www.joest.com\/de\/wp-json\/wp\/v2\/users\/2"}],"replies":[{"embeddable":true,"href":"https:\/\/www.joest.com\/de\/wp-json\/wp\/v2\/comments?post=7512"}],"version-history":[{"count":9,"href":"https:\/\/www.joest.com\/de\/wp-json\/wp\/v2\/pages\/7512\/revisions"}],"predecessor-version":[{"id":15929,"href":"https:\/\/www.joest.com\/de\/wp-json\/wp\/v2\/pages\/7512\/revisions\/15929"}],"wp:attachment":[{"href":"https:\/\/www.joest.com\/de\/wp-json\/wp\/v2\/media?parent=7512"}],"wp:term":[{"taxonomy":"category","embeddable":true,"href":"https:\/\/www.joest.com\/de\/wp-json\/wp\/v2\/categories?post=7512"},{"taxonomy":"post_tag","embeddable":true,"href":"https:\/\/www.joest.com\/de\/wp-json\/wp\/v2\/tags?post=7512"},{"taxonomy":"folder","embeddable":true,"href":"https:\/\/www.joest.com\/de\/wp-json\/wp\/v2\/folder?post=7512"}],"curies":[{"name":"wp","href":"https:\/\/api.w.org\/{rel}","templated":true}]}}