{"id":9491,"date":"2025-08-08T08:49:42","date_gmt":"2025-08-08T06:49:42","guid":{"rendered":"https:\/\/www.staging.joest.com\/?page_id=9491"},"modified":"2025-08-16T22:26:12","modified_gmt":"2025-08-16T20:26:12","slug":"weinschmecker","status":"publish","type":"page","link":"https:\/\/www.joest.com\/de\/weinschmecker\/","title":{"rendered":"Weinschmecker"},"content":{"rendered":"\t\t<div data-elementor-type=\"wp-page\" data-elementor-id=\"9491\" class=\"elementor elementor-9491\" data-elementor-post-type=\"page\">\n\t\t\t\t<div class=\"elementor-element elementor-element-e947ff8 e-con-full e-flex e-con e-parent\" data-id=\"e947ff8\" data-element_type=\"container\" data-e-type=\"container\" data-settings=\"{&quot;background_background&quot;:&quot;classic&quot;}\">\n\t\t\t\t<div class=\"elementor-element elementor-element-96a1227 elementor-widget-tablet__width-initial elementor-widget elementor-widget-image\" data-id=\"96a1227\" data-element_type=\"widget\" data-e-type=\"widget\" data-widget_type=\"image.default\">\n\t\t\t\t<div class=\"elementor-widget-container\">\n\t\t\t\t\t\t\t\t\t\t\t\t\t\t\t\t<a href=\"https:\/\/www.joest.com\/wp-content\/uploads\/2025\/08\/2025-04_Formular_Weinschmecker.pdf\" target=\"_blank\">\n\t\t\t\t\t\t\t<img fetchpriority=\"high\" decoding=\"async\" width=\"800\" height=\"745\" src=\"https:\/\/www.joest.com\/wp-content\/uploads\/2025\/08\/Gros-Weinschmecker_2024-1024x954.jpeg\" class=\"attachment-large size-large wp-image-9506\" alt=\"\" srcset=\"https:\/\/www.joest.com\/wp-content\/uploads\/2025\/08\/Gros-Weinschmecker_2024-1024x954.jpeg 1024w, https:\/\/www.joest.com\/wp-content\/uploads\/2025\/08\/Gros-Weinschmecker_2024-300x280.jpeg 300w, https:\/\/www.joest.com\/wp-content\/uploads\/2025\/08\/Gros-Weinschmecker_2024-768x716.jpeg 768w, https:\/\/www.joest.com\/wp-content\/uploads\/2025\/08\/Gros-Weinschmecker_2024.jpeg 1280w\" sizes=\"(max-width: 800px) 100vw, 800px\" \/>\t\t\t\t\t\t\t\t<\/a>\n\t\t\t\t\t\t\t\t\t\t\t\t\t\t\t<\/div>\n\t\t\t\t<\/div>\n\t\t<div class=\"elementor-element elementor-element-265d72c e-con-full e-flex e-con e-child\" data-id=\"265d72c\" data-element_type=\"container\" data-e-type=\"container\">\n\t\t\t\t<div class=\"elementor-element elementor-element-7557630 elementor-widget elementor-widget-heading\" data-id=\"7557630\" data-element_type=\"widget\" data-e-type=\"widget\" data-widget_type=\"heading.default\">\n\t\t\t\t<div class=\"elementor-widget-container\">\n\t\t\t\t\t<h1 class=\"elementor-heading-title elementor-size-default\">Feine Weine &amp; Champagner<\/h1>\t\t\t\t<\/div>\n\t\t\t\t<\/div>\n\t\t\t\t<div class=\"elementor-element elementor-element-388de42 elementor-widget elementor-widget-heading\" data-id=\"388de42\" data-element_type=\"widget\" data-e-type=\"widget\" data-widget_type=\"heading.default\">\n\t\t\t\t<div class=\"elementor-widget-container\">\n\t\t\t\t\t<div class=\"elementor-heading-title elementor-size-default\">Direkt ab Lager. Jetzt aktuelle Verf\u00fcgbarkeitsliste anfordern.\n\n<\/div>\t\t\t\t<\/div>\n\t\t\t\t<\/div>\n\t\t\t\t<div class=\"elementor-element elementor-element-21049ae elementor-widget__width-initial elementor-widget-mobile__width-inherit elementor-widget elementor-widget-text-editor\" data-id=\"21049ae\" data-element_type=\"widget\" data-e-type=\"widget\" data-widget_type=\"text-editor.default\">\n\t\t\t\t<div class=\"elementor-widget-container\">\n\t\t\t\t\t\t\t\t\t<p>Was gibt es Sch\u00f6neres, als den Tag mit einem ausgezeichneten Glas Wein ausklingen zu lassen \u2013 dazu ein frisches Baguette, feines Oliven\u00f6l und eine Prise Meersalz?<\/p><p>Ob edler Champagner in verschiedenen Flaschengr\u00f6\u00dfen vom traditionsreichen Weingut M. Hostomme &amp; Fils aus der Champagne, charaktervolle spanische Rotweine oder brillante deutsche Wei\u00dfweine \u2013 bei uns finden Sie Genussvielfalt direkt ab Lager.<\/p><p>Fragen Sie nach unserer aktuellen Auswahl \u2013 wir beraten Sie gern!<br \/><a href=\"mailto:weinschmecker@joest.com\" target=\"_blank\" rel=\"noopener\"><strong>weinschmecker@joest.com<\/strong><\/a><\/p>\t\t\t\t\t\t\t\t<\/div>\n\t\t\t\t<\/div>\n\t\t\t\t<div class=\"elementor-element elementor-element-ed2cd59 elementor-button-info elementor-widget__width-auto elementor-align-left elementor-tablet-align-center elementor-widget elementor-widget-button\" data-id=\"ed2cd59\" data-element_type=\"widget\" data-e-type=\"widget\" data-widget_type=\"button.default\">\n\t\t\t\t<div class=\"elementor-widget-container\">\n\t\t\t\t\t\t\t\t\t<div class=\"elementor-button-wrapper\">\n\t\t\t\t\t<a class=\"elementor-button elementor-button-link elementor-size-sm elementor-animation-grow\" href=\"https:\/\/www.joest.com\/wp-content\/uploads\/2025\/08\/2025-04_Formular_Weinschmecker.pdf\" target=\"_blank\">\n\t\t\t\t\t\t<span class=\"elementor-button-content-wrapper\">\n\t\t\t\t\t\t\t\t\t<span class=\"elementor-button-text\">Unsere Angebote<\/span>\n\t\t\t\t\t<\/span>\n\t\t\t\t\t<\/a>\n\t\t\t\t<\/div>\n\t\t\t\t\t\t\t\t<\/div>\n\t\t\t\t<\/div>\n\t\t\t\t<\/div>\n\t\t\t\t<\/div>\n\t\t\t\t<\/div>\n\t\t","protected":false},"excerpt":{"rendered":"<p>Feine Weine &amp; Champagner Direkt ab Lager. Jetzt aktuelle Verf\u00fcgbarkeitsliste anfordern. Was gibt es Sch\u00f6neres, als den Tag mit einem ausgezeichneten Glas Wein ausklingen zu lassen \u2013 dazu ein frisches Baguette, feines Oliven\u00f6l und eine Prise Meersalz? Ob edler Champagner in verschiedenen Flaschengr\u00f6\u00dfen vom traditionsreichen Weingut M. Hostomme &amp; Fils aus der Champagne, charaktervolle spanische [&hellip;]<\/p>\n","protected":false},"author":2,"featured_media":0,"parent":0,"menu_order":0,"comment_status":"closed","ping_status":"closed","template":"","meta":{"_acf_changed":false,"footnotes":""},"categories":[],"tags":[],"folder":[4],"class_list":["post-9491","page","type-page","status-publish","hentry"],"acf":[],"yoast_head":"<!-- This site is optimized with the Yoast SEO plugin v27.3 - https:\/\/yoast.com\/product\/yoast-seo-wordpress\/ -->\n<title>Feine Weine &amp; Champagner - JOEST<\/title>\n<meta name=\"description\" content=\"Bei uns finden Sie Genussvielfalt direkt ab Lager. Fragen Sie nach unserer aktuellen Auswahl \u2013 wir beraten Sie gern!\" \/>\n<meta name=\"robots\" content=\"index, follow, max-snippet:-1, max-image-preview:large, max-video-preview:-1\" \/>\n<link rel=\"canonical\" href=\"https:\/\/www.joest.com\/de\/weinschmecker\/\" \/>\n<meta property=\"og:locale\" content=\"de_DE\" \/>\n<meta property=\"og:type\" content=\"article\" \/>\n<meta property=\"og:title\" content=\"Feine Weine &amp; Champagner - JOEST\" \/>\n<meta property=\"og:description\" content=\"Bei uns finden Sie Genussvielfalt direkt ab Lager. Fragen Sie nach unserer aktuellen Auswahl \u2013 wir beraten Sie gern!\" \/>\n<meta property=\"og:url\" content=\"https:\/\/www.joest.com\/de\/weinschmecker\/\" \/>\n<meta property=\"og:site_name\" content=\"JOEST\" \/>\n<meta property=\"article:publisher\" content=\"https:\/\/www.facebook.com\/joestgroup\/\" \/>\n<meta property=\"article:modified_time\" content=\"2025-08-16T20:26:12+00:00\" \/>\n<meta property=\"og:image\" content=\"https:\/\/www.joest.com\/wp-content\/uploads\/2025\/08\/Gros-Weinschmecker_2024-1024x954.jpeg\" \/>\n<meta name=\"twitter:card\" content=\"summary_large_image\" \/>\n<meta name=\"twitter:label1\" content=\"Gesch\u00e4tzte Lesezeit\" \/>\n\t<meta name=\"twitter:data1\" content=\"1\u00a0Minute\" \/>\n<script type=\"application\/ld+json\" class=\"yoast-schema-graph\">{\"@context\":\"https:\\\/\\\/schema.org\",\"@graph\":[{\"@type\":\"WebPage\",\"@id\":\"https:\\\/\\\/www.joest.com\\\/de\\\/weinschmecker\\\/\",\"url\":\"https:\\\/\\\/www.joest.com\\\/de\\\/weinschmecker\\\/\",\"name\":\"Feine Weine & Champagner - JOEST\",\"isPartOf\":{\"@id\":\"https:\\\/\\\/www.joest.com\\\/#website\"},\"primaryImageOfPage\":{\"@id\":\"https:\\\/\\\/www.joest.com\\\/de\\\/weinschmecker\\\/#primaryimage\"},\"image\":{\"@id\":\"https:\\\/\\\/www.joest.com\\\/de\\\/weinschmecker\\\/#primaryimage\"},\"thumbnailUrl\":\"https:\\\/\\\/www.joest.com\\\/wp-content\\\/uploads\\\/2025\\\/08\\\/Gros-Weinschmecker_2024-1024x954.jpeg\",\"datePublished\":\"2025-08-08T06:49:42+00:00\",\"dateModified\":\"2025-08-16T20:26:12+00:00\",\"description\":\"Bei uns finden Sie Genussvielfalt direkt ab Lager. Fragen Sie nach unserer aktuellen Auswahl \u2013 wir beraten Sie gern!\",\"breadcrumb\":{\"@id\":\"https:\\\/\\\/www.joest.com\\\/de\\\/weinschmecker\\\/#breadcrumb\"},\"inLanguage\":\"de\",\"potentialAction\":[{\"@type\":\"ReadAction\",\"target\":[\"https:\\\/\\\/www.joest.com\\\/de\\\/weinschmecker\\\/\"]}]},{\"@type\":\"ImageObject\",\"inLanguage\":\"de\",\"@id\":\"https:\\\/\\\/www.joest.com\\\/de\\\/weinschmecker\\\/#primaryimage\",\"url\":\"https:\\\/\\\/www.joest.com\\\/wp-content\\\/uploads\\\/2025\\\/08\\\/Gros-Weinschmecker_2024-1024x954.jpeg\",\"contentUrl\":\"https:\\\/\\\/www.joest.com\\\/wp-content\\\/uploads\\\/2025\\\/08\\\/Gros-Weinschmecker_2024-1024x954.jpeg\"},{\"@type\":\"BreadcrumbList\",\"@id\":\"https:\\\/\\\/www.joest.com\\\/de\\\/weinschmecker\\\/#breadcrumb\",\"itemListElement\":[{\"@type\":\"ListItem\",\"position\":1,\"name\":\"Home\",\"item\":\"https:\\\/\\\/www.joest.com\\\/de\\\/\"},{\"@type\":\"ListItem\",\"position\":2,\"name\":\"Weinschmecker\"}]},{\"@type\":\"WebSite\",\"@id\":\"https:\\\/\\\/www.joest.com\\\/#website\",\"url\":\"https:\\\/\\\/www.joest.com\\\/\",\"name\":\"JOEST\",\"description\":\"Maschinenbau\",\"publisher\":{\"@id\":\"https:\\\/\\\/www.joest.com\\\/#organization\"},\"potentialAction\":[{\"@type\":\"SearchAction\",\"target\":{\"@type\":\"EntryPoint\",\"urlTemplate\":\"https:\\\/\\\/www.joest.com\\\/?s={search_term_string}\"},\"query-input\":{\"@type\":\"PropertyValueSpecification\",\"valueRequired\":true,\"valueName\":\"search_term_string\"}}],\"inLanguage\":\"de\"},{\"@type\":\"Organization\",\"@id\":\"https:\\\/\\\/www.joest.com\\\/#organization\",\"name\":\"JOEST\",\"url\":\"https:\\\/\\\/www.joest.com\\\/\",\"logo\":{\"@type\":\"ImageObject\",\"inLanguage\":\"de\",\"@id\":\"https:\\\/\\\/www.joest.com\\\/#\\\/schema\\\/logo\\\/image\\\/\",\"url\":\"https:\\\/\\\/www.joest.com\\\/wp-content\\\/uploads\\\/2025\\\/03\\\/Logo_JOEST.webp\",\"contentUrl\":\"https:\\\/\\\/www.joest.com\\\/wp-content\\\/uploads\\\/2025\\\/03\\\/Logo_JOEST.webp\",\"width\":2027,\"height\":355,\"caption\":\"JOEST\"},\"image\":{\"@id\":\"https:\\\/\\\/www.joest.com\\\/#\\\/schema\\\/logo\\\/image\\\/\"},\"sameAs\":[\"https:\\\/\\\/www.facebook.com\\\/joestgroup\\\/\",\"http:\\\/\\\/linkedin.com\\\/company\\\/joest-germany\"]}]}<\/script>\n<!-- \/ Yoast SEO plugin. -->","yoast_head_json":{"title":"Feine Weine & Champagner - JOEST","description":"Bei uns finden Sie Genussvielfalt direkt ab Lager. Fragen Sie nach unserer aktuellen Auswahl \u2013 wir beraten Sie gern!","robots":{"index":"index","follow":"follow","max-snippet":"max-snippet:-1","max-image-preview":"max-image-preview:large","max-video-preview":"max-video-preview:-1"},"canonical":"https:\/\/www.joest.com\/de\/weinschmecker\/","og_locale":"de_DE","og_type":"article","og_title":"Feine Weine & Champagner - JOEST","og_description":"Bei uns finden Sie Genussvielfalt direkt ab Lager. Fragen Sie nach unserer aktuellen Auswahl \u2013 wir beraten Sie gern!","og_url":"https:\/\/www.joest.com\/de\/weinschmecker\/","og_site_name":"JOEST","article_publisher":"https:\/\/www.facebook.com\/joestgroup\/","article_modified_time":"2025-08-16T20:26:12+00:00","og_image":[{"url":"https:\/\/www.joest.com\/wp-content\/uploads\/2025\/08\/Gros-Weinschmecker_2024-1024x954.jpeg","type":"","width":"","height":""}],"twitter_card":"summary_large_image","twitter_misc":{"Gesch\u00e4tzte Lesezeit":"1\u00a0Minute"},"schema":{"@context":"https:\/\/schema.org","@graph":[{"@type":"WebPage","@id":"https:\/\/www.joest.com\/de\/weinschmecker\/","url":"https:\/\/www.joest.com\/de\/weinschmecker\/","name":"Feine Weine & Champagner - JOEST","isPartOf":{"@id":"https:\/\/www.joest.com\/#website"},"primaryImageOfPage":{"@id":"https:\/\/www.joest.com\/de\/weinschmecker\/#primaryimage"},"image":{"@id":"https:\/\/www.joest.com\/de\/weinschmecker\/#primaryimage"},"thumbnailUrl":"https:\/\/www.joest.com\/wp-content\/uploads\/2025\/08\/Gros-Weinschmecker_2024-1024x954.jpeg","datePublished":"2025-08-08T06:49:42+00:00","dateModified":"2025-08-16T20:26:12+00:00","description":"Bei uns finden Sie Genussvielfalt direkt ab Lager. Fragen Sie nach unserer aktuellen Auswahl \u2013 wir beraten Sie gern!","breadcrumb":{"@id":"https:\/\/www.joest.com\/de\/weinschmecker\/#breadcrumb"},"inLanguage":"de","potentialAction":[{"@type":"ReadAction","target":["https:\/\/www.joest.com\/de\/weinschmecker\/"]}]},{"@type":"ImageObject","inLanguage":"de","@id":"https:\/\/www.joest.com\/de\/weinschmecker\/#primaryimage","url":"https:\/\/www.joest.com\/wp-content\/uploads\/2025\/08\/Gros-Weinschmecker_2024-1024x954.jpeg","contentUrl":"https:\/\/www.joest.com\/wp-content\/uploads\/2025\/08\/Gros-Weinschmecker_2024-1024x954.jpeg"},{"@type":"BreadcrumbList","@id":"https:\/\/www.joest.com\/de\/weinschmecker\/#breadcrumb","itemListElement":[{"@type":"ListItem","position":1,"name":"Home","item":"https:\/\/www.joest.com\/de\/"},{"@type":"ListItem","position":2,"name":"Weinschmecker"}]},{"@type":"WebSite","@id":"https:\/\/www.joest.com\/#website","url":"https:\/\/www.joest.com\/","name":"JOEST","description":"Maschinenbau","publisher":{"@id":"https:\/\/www.joest.com\/#organization"},"potentialAction":[{"@type":"SearchAction","target":{"@type":"EntryPoint","urlTemplate":"https:\/\/www.joest.com\/?s={search_term_string}"},"query-input":{"@type":"PropertyValueSpecification","valueRequired":true,"valueName":"search_term_string"}}],"inLanguage":"de"},{"@type":"Organization","@id":"https:\/\/www.joest.com\/#organization","name":"JOEST","url":"https:\/\/www.joest.com\/","logo":{"@type":"ImageObject","inLanguage":"de","@id":"https:\/\/www.joest.com\/#\/schema\/logo\/image\/","url":"https:\/\/www.joest.com\/wp-content\/uploads\/2025\/03\/Logo_JOEST.webp","contentUrl":"https:\/\/www.joest.com\/wp-content\/uploads\/2025\/03\/Logo_JOEST.webp","width":2027,"height":355,"caption":"JOEST"},"image":{"@id":"https:\/\/www.joest.com\/#\/schema\/logo\/image\/"},"sameAs":["https:\/\/www.facebook.com\/joestgroup\/","http:\/\/linkedin.com\/company\/joest-germany"]}]}},"_links":{"self":[{"href":"https:\/\/www.joest.com\/de\/wp-json\/wp\/v2\/pages\/9491","targetHints":{"allow":["GET"]}}],"collection":[{"href":"https:\/\/www.joest.com\/de\/wp-json\/wp\/v2\/pages"}],"about":[{"href":"https:\/\/www.joest.com\/de\/wp-json\/wp\/v2\/types\/page"}],"author":[{"embeddable":true,"href":"https:\/\/www.joest.com\/de\/wp-json\/wp\/v2\/users\/2"}],"replies":[{"embeddable":true,"href":"https:\/\/www.joest.com\/de\/wp-json\/wp\/v2\/comments?post=9491"}],"version-history":[{"count":22,"href":"https:\/\/www.joest.com\/de\/wp-json\/wp\/v2\/pages\/9491\/revisions"}],"predecessor-version":[{"id":9538,"href":"https:\/\/www.joest.com\/de\/wp-json\/wp\/v2\/pages\/9491\/revisions\/9538"}],"wp:attachment":[{"href":"https:\/\/www.joest.com\/de\/wp-json\/wp\/v2\/media?parent=9491"}],"wp:term":[{"taxonomy":"category","embeddable":true,"href":"https:\/\/www.joest.com\/de\/wp-json\/wp\/v2\/categories?post=9491"},{"taxonomy":"post_tag","embeddable":true,"href":"https:\/\/www.joest.com\/de\/wp-json\/wp\/v2\/tags?post=9491"},{"taxonomy":"folder","embeddable":true,"href":"https:\/\/www.joest.com\/de\/wp-json\/wp\/v2\/folder?post=9491"}],"curies":[{"name":"wp","href":"https:\/\/api.w.org\/{rel}","templated":true}]}}