{"id":10313,"date":"2025-07-29T16:52:17","date_gmt":"2025-07-29T14:52:17","guid":{"rendered":"https:\/\/www.staging.joest.com\/imprint\/"},"modified":"2025-08-14T12:43:29","modified_gmt":"2025-08-14T10:43:29","slug":"mentions-legales","status":"publish","type":"page","link":"https:\/\/www.joest.com\/fr\/mentions-legales\/","title":{"rendered":"Mentions l\u00e9gales"},"content":{"rendered":"\t\t<div data-elementor-type=\"wp-page\" data-elementor-id=\"10313\" class=\"elementor elementor-10313 elementor-7512\" data-elementor-post-type=\"page\">\n\t\t\t\t<div class=\"elementor-element elementor-element-6124939 e-flex e-con-boxed e-con e-parent\" data-id=\"6124939\" data-element_type=\"container\" data-e-type=\"container\">\n\t\t\t\t\t<div class=\"e-con-inner\">\n\t\t\t\t<div class=\"elementor-element elementor-element-c19d82a elementor-widget elementor-widget-heading\" data-id=\"c19d82a\" data-element_type=\"widget\" data-e-type=\"widget\" data-widget_type=\"heading.default\">\n\t\t\t\t<div class=\"elementor-widget-container\">\n\t\t\t\t\t<h1 class=\"elementor-heading-title elementor-size-default\">Mentions l\u00e9gales<\/h1>\t\t\t\t<\/div>\n\t\t\t\t<\/div>\n\t\t\t\t<div class=\"elementor-element elementor-element-0489234 elementor-widget elementor-widget-text-editor\" data-id=\"0489234\" data-element_type=\"widget\" data-e-type=\"widget\" data-widget_type=\"text-editor.default\">\n\t\t\t\t<div class=\"elementor-widget-container\">\n\t\t\t\t\t\t\t\t\t<p><b>Informations sur l\u2019entreprise<br \/><\/b>Raison sociale : JOEST Manutention Par Vibration SARL<br \/>Forme juridique : SARL<br \/>Si\u00e8ge social : 3 Avenue de Concordia, F-16400 LA COURONNE<br \/>T\u00e9l\u00e9phone : + 33 (0)5 45 67 45 00<br \/>E-mail : info@joest-mpv.com<\/p><p><b>Enregistrement de l\u2019entreprise<\/b><br \/>RCS : 484 934 898 R.C.S. Angoul\u00eame<br \/>Num\u00e9ro de TVA intracommunautaire : FR 64484934898<\/p><p><b>Directeur repr\u00e9sentant l\u00e9gal de la soci\u00e9t\u00e9<br \/><\/b>Directeur de la publication : Dr. Hans MOORMANN (pr\u00e9sidence)<\/p><p><b>H\u00e9bergeur<\/b><br \/>Nom : profihost GmbH<br \/>Adresse : Hildesheimer Stra\u00dfe 2, 30880 Laatzen, Allemagne<br \/>T\u00e9l\u00e9phone : +49 511 899555-10<\/p><p><b>Donn\u00e9es personnelles et cookies<br \/><\/b>Le sites www.joest.com\/fr | www.joest-mpv.fr respecte la r\u00e9glementation applicable en mati\u00e8re de protection des donn\u00e9es personnelles (RGPD) et d\u2019utilisation des cookies. Pour plus d\u2019informations, consultez notre <a href=\"https:\/\/www.joest.com\/data-privacy\/\">Politique de confidentialit\u00e9<\/a>.<\/p><p><b>Propri\u00e9t\u00e9 intellectuelle<br \/><\/b>L\u2019ensemble des contenus (textes, images, logos, vid\u00e9os, etc.) pr\u00e9sent\u00e9s sur ce site sont prot\u00e9g\u00e9s par le droit d\u2019auteur et sont la propri\u00e9t\u00e9 exclusive de [Nom de l\u2019entreprise] ou font l\u2019objet d\u2019une autorisation d\u2019utilisation.<br \/>Toute reproduction, repr\u00e9sentation, modification ou diffusion, totale ou partielle, est interdite sans autorisation pr\u00e9alable.<\/p>\t\t\t\t\t\t\t\t<\/div>\n\t\t\t\t<\/div>\n\t\t\t\t\t<\/div>\n\t\t\t\t<\/div>\n\t\t\t\t<\/div>\n\t\t","protected":false},"excerpt":{"rendered":"<p>Official legal notice containing all mandatory company details, contact information, and important legal disclosures in compliance with applicable laws.<\/p>\n","protected":false},"author":2,"featured_media":0,"parent":0,"menu_order":0,"comment_status":"closed","ping_status":"closed","template":"","meta":{"_acf_changed":false,"footnotes":""},"categories":[],"tags":[],"folder":[4],"class_list":["post-10313","page","type-page","status-publish","hentry"],"acf":[],"yoast_head":"<!-- This site is optimized with the Yoast SEO plugin v27.3 - https:\/\/yoast.com\/product\/yoast-seo-wordpress\/ -->\n<title>Mentions l\u00e9gales - JOEST<\/title>\n<meta name=\"description\" content=\"Official legal notice containing all mandatory company details, contact information, important legal disclosures.\" \/>\n<meta name=\"robots\" content=\"index, follow, max-snippet:-1, max-image-preview:large, max-video-preview:-1\" \/>\n<link rel=\"canonical\" href=\"https:\/\/www.joest.com\/fr\/mentions-legales\/\" \/>\n<meta property=\"og:locale\" content=\"fr_FR\" \/>\n<meta property=\"og:type\" content=\"article\" \/>\n<meta property=\"og:title\" content=\"Mentions l\u00e9gales - JOEST\" \/>\n<meta property=\"og:description\" content=\"Official legal notice containing all mandatory company details, contact information, important legal disclosures.\" \/>\n<meta property=\"og:url\" content=\"https:\/\/www.joest.com\/fr\/mentions-legales\/\" \/>\n<meta property=\"og:site_name\" content=\"JOEST\" \/>\n<meta property=\"article:publisher\" content=\"https:\/\/www.facebook.com\/joestgroup\/\" \/>\n<meta property=\"article:modified_time\" content=\"2025-08-14T10:43:29+00:00\" \/>\n<meta name=\"twitter:card\" content=\"summary_large_image\" \/>\n<meta name=\"twitter:label1\" content=\"Dur\u00e9e de lecture estim\u00e9e\" \/>\n\t<meta name=\"twitter:data1\" content=\"1 minute\" \/>\n<script type=\"application\/ld+json\" class=\"yoast-schema-graph\">{\"@context\":\"https:\\\/\\\/schema.org\",\"@graph\":[{\"@type\":\"WebPage\",\"@id\":\"https:\\\/\\\/www.joest.com\\\/fr\\\/mentions-legales\\\/\",\"url\":\"https:\\\/\\\/www.joest.com\\\/fr\\\/mentions-legales\\\/\",\"name\":\"Mentions l\u00e9gales - JOEST\",\"isPartOf\":{\"@id\":\"https:\\\/\\\/www.joest.com\\\/#website\"},\"datePublished\":\"2025-07-29T14:52:17+00:00\",\"dateModified\":\"2025-08-14T10:43:29+00:00\",\"description\":\"Official legal notice containing all mandatory company details, contact information, important legal disclosures.\",\"breadcrumb\":{\"@id\":\"https:\\\/\\\/www.joest.com\\\/fr\\\/mentions-legales\\\/#breadcrumb\"},\"inLanguage\":\"fr-FR\",\"potentialAction\":[{\"@type\":\"ReadAction\",\"target\":[\"https:\\\/\\\/www.joest.com\\\/fr\\\/mentions-legales\\\/\"]}]},{\"@type\":\"BreadcrumbList\",\"@id\":\"https:\\\/\\\/www.joest.com\\\/fr\\\/mentions-legales\\\/#breadcrumb\",\"itemListElement\":[{\"@type\":\"ListItem\",\"position\":1,\"name\":\"Home\",\"item\":\"https:\\\/\\\/www.joest.com\\\/fr\\\/startseite\\\/\"},{\"@type\":\"ListItem\",\"position\":2,\"name\":\"Mentions l\u00e9gales\"}]},{\"@type\":\"WebSite\",\"@id\":\"https:\\\/\\\/www.joest.com\\\/#website\",\"url\":\"https:\\\/\\\/www.joest.com\\\/\",\"name\":\"JOEST\",\"description\":\"Maschinenbau\",\"publisher\":{\"@id\":\"https:\\\/\\\/www.joest.com\\\/#organization\"},\"potentialAction\":[{\"@type\":\"SearchAction\",\"target\":{\"@type\":\"EntryPoint\",\"urlTemplate\":\"https:\\\/\\\/www.joest.com\\\/?s={search_term_string}\"},\"query-input\":{\"@type\":\"PropertyValueSpecification\",\"valueRequired\":true,\"valueName\":\"search_term_string\"}}],\"inLanguage\":\"fr-FR\"},{\"@type\":\"Organization\",\"@id\":\"https:\\\/\\\/www.joest.com\\\/#organization\",\"name\":\"JOEST\",\"url\":\"https:\\\/\\\/www.joest.com\\\/\",\"logo\":{\"@type\":\"ImageObject\",\"inLanguage\":\"fr-FR\",\"@id\":\"https:\\\/\\\/www.joest.com\\\/#\\\/schema\\\/logo\\\/image\\\/\",\"url\":\"https:\\\/\\\/www.joest.com\\\/wp-content\\\/uploads\\\/2025\\\/03\\\/Logo_JOEST.webp\",\"contentUrl\":\"https:\\\/\\\/www.joest.com\\\/wp-content\\\/uploads\\\/2025\\\/03\\\/Logo_JOEST.webp\",\"width\":2027,\"height\":355,\"caption\":\"JOEST\"},\"image\":{\"@id\":\"https:\\\/\\\/www.joest.com\\\/#\\\/schema\\\/logo\\\/image\\\/\"},\"sameAs\":[\"https:\\\/\\\/www.facebook.com\\\/joestgroup\\\/\",\"http:\\\/\\\/linkedin.com\\\/company\\\/joest-germany\"]}]}<\/script>\n<!-- \/ Yoast SEO plugin. -->","yoast_head_json":{"title":"Mentions l\u00e9gales - JOEST","description":"Official legal notice containing all mandatory company details, contact information, important legal disclosures.","robots":{"index":"index","follow":"follow","max-snippet":"max-snippet:-1","max-image-preview":"max-image-preview:large","max-video-preview":"max-video-preview:-1"},"canonical":"https:\/\/www.joest.com\/fr\/mentions-legales\/","og_locale":"fr_FR","og_type":"article","og_title":"Mentions l\u00e9gales - JOEST","og_description":"Official legal notice containing all mandatory company details, contact information, important legal disclosures.","og_url":"https:\/\/www.joest.com\/fr\/mentions-legales\/","og_site_name":"JOEST","article_publisher":"https:\/\/www.facebook.com\/joestgroup\/","article_modified_time":"2025-08-14T10:43:29+00:00","twitter_card":"summary_large_image","twitter_misc":{"Dur\u00e9e de lecture estim\u00e9e":"1 minute"},"schema":{"@context":"https:\/\/schema.org","@graph":[{"@type":"WebPage","@id":"https:\/\/www.joest.com\/fr\/mentions-legales\/","url":"https:\/\/www.joest.com\/fr\/mentions-legales\/","name":"Mentions l\u00e9gales - JOEST","isPartOf":{"@id":"https:\/\/www.joest.com\/#website"},"datePublished":"2025-07-29T14:52:17+00:00","dateModified":"2025-08-14T10:43:29+00:00","description":"Official legal notice containing all mandatory company details, contact information, important legal disclosures.","breadcrumb":{"@id":"https:\/\/www.joest.com\/fr\/mentions-legales\/#breadcrumb"},"inLanguage":"fr-FR","potentialAction":[{"@type":"ReadAction","target":["https:\/\/www.joest.com\/fr\/mentions-legales\/"]}]},{"@type":"BreadcrumbList","@id":"https:\/\/www.joest.com\/fr\/mentions-legales\/#breadcrumb","itemListElement":[{"@type":"ListItem","position":1,"name":"Home","item":"https:\/\/www.joest.com\/fr\/startseite\/"},{"@type":"ListItem","position":2,"name":"Mentions l\u00e9gales"}]},{"@type":"WebSite","@id":"https:\/\/www.joest.com\/#website","url":"https:\/\/www.joest.com\/","name":"JOEST","description":"Maschinenbau","publisher":{"@id":"https:\/\/www.joest.com\/#organization"},"potentialAction":[{"@type":"SearchAction","target":{"@type":"EntryPoint","urlTemplate":"https:\/\/www.joest.com\/?s={search_term_string}"},"query-input":{"@type":"PropertyValueSpecification","valueRequired":true,"valueName":"search_term_string"}}],"inLanguage":"fr-FR"},{"@type":"Organization","@id":"https:\/\/www.joest.com\/#organization","name":"JOEST","url":"https:\/\/www.joest.com\/","logo":{"@type":"ImageObject","inLanguage":"fr-FR","@id":"https:\/\/www.joest.com\/#\/schema\/logo\/image\/","url":"https:\/\/www.joest.com\/wp-content\/uploads\/2025\/03\/Logo_JOEST.webp","contentUrl":"https:\/\/www.joest.com\/wp-content\/uploads\/2025\/03\/Logo_JOEST.webp","width":2027,"height":355,"caption":"JOEST"},"image":{"@id":"https:\/\/www.joest.com\/#\/schema\/logo\/image\/"},"sameAs":["https:\/\/www.facebook.com\/joestgroup\/","http:\/\/linkedin.com\/company\/joest-germany"]}]}},"_links":{"self":[{"href":"https:\/\/www.joest.com\/fr\/wp-json\/wp\/v2\/pages\/10313","targetHints":{"allow":["GET"]}}],"collection":[{"href":"https:\/\/www.joest.com\/fr\/wp-json\/wp\/v2\/pages"}],"about":[{"href":"https:\/\/www.joest.com\/fr\/wp-json\/wp\/v2\/types\/page"}],"author":[{"embeddable":true,"href":"https:\/\/www.joest.com\/fr\/wp-json\/wp\/v2\/users\/2"}],"replies":[{"embeddable":true,"href":"https:\/\/www.joest.com\/fr\/wp-json\/wp\/v2\/comments?post=10313"}],"version-history":[{"count":10,"href":"https:\/\/www.joest.com\/fr\/wp-json\/wp\/v2\/pages\/10313\/revisions"}],"predecessor-version":[{"id":10403,"href":"https:\/\/www.joest.com\/fr\/wp-json\/wp\/v2\/pages\/10313\/revisions\/10403"}],"wp:attachment":[{"href":"https:\/\/www.joest.com\/fr\/wp-json\/wp\/v2\/media?parent=10313"}],"wp:term":[{"taxonomy":"category","embeddable":true,"href":"https:\/\/www.joest.com\/fr\/wp-json\/wp\/v2\/categories?post=10313"},{"taxonomy":"post_tag","embeddable":true,"href":"https:\/\/www.joest.com\/fr\/wp-json\/wp\/v2\/tags?post=10313"},{"taxonomy":"folder","embeddable":true,"href":"https:\/\/www.joest.com\/fr\/wp-json\/wp\/v2\/folder?post=10313"}],"curies":[{"name":"wp","href":"https:\/\/api.w.org\/{rel}","templated":true}]}}